{"id":173,"date":"2023-07-23T14:15:27","date_gmt":"2023-07-23T18:15:27","guid":{"rendered":"https:\/\/digitalinnovation.site\/innovation\/"},"modified":"2023-07-23T14:45:28","modified_gmt":"2023-07-23T18:45:28","slug":"innovation","status":"publish","type":"page","link":"https:\/\/griit.tech\/es\/innovation\/","title":{"rendered":"Innovaci\u00f3n"},"content":{"rendered":"\n<div class=\"wp-block-columns is-layout-flex wp-container-core-columns-is-layout-9d6595d7 wp-block-columns-is-layout-flex\">\n<div class=\"wp-block-column is-layout-flow wp-block-column-is-layout-flow\">\n<figure class=\"wp-block-image size-large\"><img loading=\"lazy\" decoding=\"async\" width=\"1024\" height=\"630\" src=\"https:\/\/griit.tech\/wp-content\/uploads\/2023\/07\/f1-priorities-1024x630.jpg\" alt=\"\" class=\"wp-image-179\" srcset=\"https:\/\/griit.tech\/wp-content\/uploads\/2023\/07\/f1-priorities-1024x630.jpg 1024w, https:\/\/griit.tech\/wp-content\/uploads\/2023\/07\/f1-priorities-300x185.jpg 300w, https:\/\/griit.tech\/wp-content\/uploads\/2023\/07\/f1-priorities-768x472.jpg 768w, https:\/\/griit.tech\/wp-content\/uploads\/2023\/07\/f1-priorities-1536x945.jpg 1536w, https:\/\/griit.tech\/wp-content\/uploads\/2023\/07\/f1-priorities.jpg 1920w\" sizes=\"auto, (max-width: 1024px) 100vw, 1024px\" \/><\/figure>\n<\/div>\n\n\n\n<div class=\"wp-block-column is-layout-flow wp-block-column-is-layout-flow\">\n<h2 class=\"wp-block-heading\"><em><mark style=\"background-color:rgba(0, 0, 0, 0)\" class=\"has-inline-color has-vivid-red-color\">La innovaci\u00f3n digital debe centrarse en los desaf\u00edos ambientales, sociales y de gobernanza (ESG).<\/mark><\/em><\/h2>\n\n\n\n<h3 class=\"wp-block-heading\"><strong>\u00danase a nuestra conversaci\u00f3n para definir prioridades para la pr\u00f3xima generaci\u00f3n de proyectos de innovaci\u00f3n digital.<\/strong><\/h3>\n<\/div>\n<\/div>\n","protected":false},"excerpt":{"rendered":"<p>La innovaci\u00f3n digital debe centrarse en los desaf\u00edos ambientales, sociales y de gobernanza (ESG). \u00danase a nuestra conversaci\u00f3n para definir prioridades para la pr\u00f3xima generaci\u00f3n de proyectos de innovaci\u00f3n digital.<\/p>\n","protected":false},"author":1,"featured_media":0,"parent":0,"menu_order":0,"comment_status":"closed","ping_status":"closed","template":"","meta":{"footnotes":""},"class_list":["post-173","page","type-page","status-publish","hentry"],"_links":{"self":[{"href":"https:\/\/griit.tech\/es\/wp-json\/wp\/v2\/pages\/173","targetHints":{"allow":["GET"]}}],"collection":[{"href":"https:\/\/griit.tech\/es\/wp-json\/wp\/v2\/pages"}],"about":[{"href":"https:\/\/griit.tech\/es\/wp-json\/wp\/v2\/types\/page"}],"author":[{"embeddable":true,"href":"https:\/\/griit.tech\/es\/wp-json\/wp\/v2\/users\/1"}],"replies":[{"embeddable":true,"href":"https:\/\/griit.tech\/es\/wp-json\/wp\/v2\/comments?post=173"}],"version-history":[{"count":3,"href":"https:\/\/griit.tech\/es\/wp-json\/wp\/v2\/pages\/173\/revisions"}],"predecessor-version":[{"id":184,"href":"https:\/\/griit.tech\/es\/wp-json\/wp\/v2\/pages\/173\/revisions\/184"}],"wp:attachment":[{"href":"https:\/\/griit.tech\/es\/wp-json\/wp\/v2\/media?parent=173"}],"curies":[{"name":"wp","href":"https:\/\/api.w.org\/{rel}","templated":true}]}}