{"id":195,"date":"2023-07-24T21:36:18","date_gmt":"2023-07-25T01:36:18","guid":{"rendered":"https:\/\/digitalinnovation.site\/team\/"},"modified":"2023-07-24T21:40:21","modified_gmt":"2023-07-25T01:40:21","slug":"equipo","status":"publish","type":"page","link":"https:\/\/griit.tech\/es\/equipo\/","title":{"rendered":"Equipo"},"content":{"rendered":"\n<h2 class=\"wp-block-heading\">Miembros del Consejo<\/h2>\n\n\n\n<p>Presidente, Copresidente, Miembros<\/p>\n\n\n\n<p>&lt; soon \/ bient\u00f4t \/ pronto &gt;<\/p>\n\n\n\n<h2 class=\"wp-block-heading\">Comit\u00e9 Ejecutivo<\/h2>\n\n\n\n<p>CEO, COO, CFO<\/p>\n\n\n\n<p>director ejecutivo, director de operaciones, director financiero<\/p>\n\n\n\n<p>&lt; soon \/ bient\u00f4t \/ pronto &gt;<\/p>\n\n\n\n<h2 class=\"wp-block-heading\">Gesti\u00f3n de proyectos<\/h2>\n\n\n\n<p>Membres\u00eda, Est\u00e1ndares, Eventos, Publicaciones<\/p>\n\n\n\n<p>&lt; soon \/ bient\u00f4t \/ pronto &gt;<\/p>\n\n\n\n<h2 class=\"wp-block-heading\">Red internacional<\/h2>\n\n\n\n<p>Presidentes de los Consejos Nacionales<\/p>\n\n\n\n<p>&lt; soon \/ bient\u00f4t \/ pronto ><\/p>\n\n\n\n<p><\/p>\n","protected":false},"excerpt":{"rendered":"<p>Miembros del Consejo Presidente, Copresidente, Miembros &lt; soon \/ bient\u00f4t \/ pronto &gt; Comit\u00e9 Ejecutivo CEO, COO, CFO director ejecutivo, director de operaciones, director financiero &lt; soon \/ bient\u00f4t \/ pronto &gt; Gesti\u00f3n de proyectos Membres\u00eda, Est\u00e1ndares, Eventos, Publicaciones &lt; soon \/ bient\u00f4t \/ pronto &gt; Red internacional Presidentes de los Consejos Nacionales &lt; soon<span class=\"post-excerpt-end\">&hellip;<\/span><\/p>\n<p class=\"more-link\"><a href=\"https:\/\/griit.tech\/es\/equipo\/\" class=\"themebutton\">Lee mas<\/a><\/p>\n","protected":false},"author":1,"featured_media":0,"parent":0,"menu_order":0,"comment_status":"closed","ping_status":"closed","template":"","meta":{"footnotes":""},"class_list":["post-195","page","type-page","status-publish","hentry"],"_links":{"self":[{"href":"https:\/\/griit.tech\/es\/wp-json\/wp\/v2\/pages\/195","targetHints":{"allow":["GET"]}}],"collection":[{"href":"https:\/\/griit.tech\/es\/wp-json\/wp\/v2\/pages"}],"about":[{"href":"https:\/\/griit.tech\/es\/wp-json\/wp\/v2\/types\/page"}],"author":[{"embeddable":true,"href":"https:\/\/griit.tech\/es\/wp-json\/wp\/v2\/users\/1"}],"replies":[{"embeddable":true,"href":"https:\/\/griit.tech\/es\/wp-json\/wp\/v2\/comments?post=195"}],"version-history":[{"count":3,"href":"https:\/\/griit.tech\/es\/wp-json\/wp\/v2\/pages\/195\/revisions"}],"predecessor-version":[{"id":200,"href":"https:\/\/griit.tech\/es\/wp-json\/wp\/v2\/pages\/195\/revisions\/200"}],"wp:attachment":[{"href":"https:\/\/griit.tech\/es\/wp-json\/wp\/v2\/media?parent=195"}],"curies":[{"name":"wp","href":"https:\/\/api.w.org\/{rel}","templated":true}]}}