{"id":80,"date":"2022-06-22T22:14:33","date_gmt":"2022-06-23T02:14:33","guid":{"rendered":"https:\/\/digitalinnovation.site\/about-us\/"},"modified":"2025-04-16T15:20:53","modified_gmt":"2025-04-16T19:20:53","slug":"acerca","status":"publish","type":"page","link":"https:\/\/griit.tech\/es\/acerca\/","title":{"rendered":"Acerca"},"content":{"rendered":"\n<div class=\"wp-block-columns is-layout-flex wp-container-core-columns-is-layout-9d6595d7 wp-block-columns-is-layout-flex\">\n<div class=\"wp-block-column is-layout-flow wp-block-column-is-layout-flow\">\n<p><strong><em>Misi\u00f3n<\/em><\/strong>: En construcci\u00f3n.<\/p>\n\n\n\n<p><strong><em>Roles: <\/em><\/strong>En construcci\u00f3n.<\/p>\n<\/div>\n\n\n\n<div class=\"wp-block-column is-layout-flow wp-block-column-is-layout-flow\">\n<p><strong><em><strong>Alcance<\/strong>: <\/em><\/strong>En construcci\u00f3n.<\/p>\n\n\n\n<p><strong><em><strong>Participe<\/strong>: <\/em><\/strong>P\u00f3ngase en contacto con nuestro webmaster, <a href=\"https:\/\/www.gagnontech.org\/\">St\u00e9phane Gagnon<\/a>, para cualquier pregunta o inter\u00e9s en colaborar: <a href=\"mailto:admin@gagnontech.org\">admin@gagnontech.org<\/a><\/p>\n<\/div>\n<\/div>\n","protected":false},"excerpt":{"rendered":"<p>Misi\u00f3n: En construcci\u00f3n. Roles: En construcci\u00f3n. Alcance: En construcci\u00f3n. Participe: P\u00f3ngase en contacto con nuestro webmaster, St\u00e9phane Gagnon, para cualquier pregunta o inter\u00e9s en colaborar: admin@gagnontech.org<\/p>\n","protected":false},"author":1,"featured_media":0,"parent":0,"menu_order":0,"comment_status":"closed","ping_status":"closed","template":"","meta":{"footnotes":""},"class_list":["post-80","page","type-page","status-publish","hentry"],"_links":{"self":[{"href":"https:\/\/griit.tech\/es\/wp-json\/wp\/v2\/pages\/80","targetHints":{"allow":["GET"]}}],"collection":[{"href":"https:\/\/griit.tech\/es\/wp-json\/wp\/v2\/pages"}],"about":[{"href":"https:\/\/griit.tech\/es\/wp-json\/wp\/v2\/types\/page"}],"author":[{"embeddable":true,"href":"https:\/\/griit.tech\/es\/wp-json\/wp\/v2\/users\/1"}],"replies":[{"embeddable":true,"href":"https:\/\/griit.tech\/es\/wp-json\/wp\/v2\/comments?post=80"}],"version-history":[{"count":7,"href":"https:\/\/griit.tech\/es\/wp-json\/wp\/v2\/pages\/80\/revisions"}],"predecessor-version":[{"id":309,"href":"https:\/\/griit.tech\/es\/wp-json\/wp\/v2\/pages\/80\/revisions\/309"}],"wp:attachment":[{"href":"https:\/\/griit.tech\/es\/wp-json\/wp\/v2\/media?parent=80"}],"curies":[{"name":"wp","href":"https:\/\/api.w.org\/{rel}","templated":true}]}}