{"id":84,"date":"2022-06-22T14:25:46","date_gmt":"2022-06-22T18:25:46","guid":{"rendered":"https:\/\/digitalinnovation.site\/privacy-policy\/"},"modified":"2023-02-07T14:07:00","modified_gmt":"2023-02-07T19:07:00","slug":"politica","status":"publish","type":"page","link":"https:\/\/griit.tech\/es\/politica\/","title":{"rendered":"Pol\u00edtica de privacidad"},"content":{"rendered":"\n<p>1. Introducci\u00f3n<\/p>\n\n\n\n<p>1.1 Digital Innovation Foundation (DIF) (<a href=\"https:\/\/griit.tech\/\">https:\/\/griit.tech<\/a>), como propietario del sitio web <a href=\"https:\/\/griit.tech\/\">https:\/\/griit.tech<\/a>, se compromete a salvaguardar la privacidad de los visitantes de nuestro sitio web y de los usuarios de los servicios.<\/p>\n\n\n\n<p>1.2 Esta pol\u00edtica se aplica cuando actuamos como controlador de datos con respecto a los datos personales de los visitantes de nuestro sitio web y los usuarios del servicio; en otras palabras, donde determinamos los prop\u00f3sitos y medios del procesamiento de esos datos personales.<\/p>\n\n\n\n<p>1.3 Utilizamos cookies en nuestro sitio web. En la medida en que esas cookies no sean estrictamente necesarias para la provisi\u00f3n de nuestro sitio web y nuestros servicios, le pediremos su consentimiento para nuestro uso de cookies cuando visite nuestro sitio web por primera vez.<\/p>\n\n\n\n<p>1.4 Nuestro sitio web incorpora controles de privacidad que afectan la forma en que procesaremos sus datos personales. Mediante el uso de los controles de privacidad, puede especificar si desea recibir:<\/p>\n\n\n\n<p>(a) boletines por correo electr\u00f3nico: esta funci\u00f3n se configurar\u00e1 pronto<\/p>\n\n\n\n<p>(b) Herramientas de cumplimiento de GDPR: <a href=\"https:\/\/griit.tech\/es\/herramientas\/\">https:\/\/griit.tech\/es\/privacy-tools\/<\/a><\/p>\n\n\n\n<p>1.5 En esta pol\u00edtica, \u00abnosotros\u00bb, \u00abnos\u00bb y \u00abnuestro\u00bb se refieren a Digital Innovation Foundation (DIF). Para obtener m\u00e1s informaci\u00f3n sobre nosotros, consulte la Secci\u00f3n 13.<\/p>\n\n\n\n<p>2. Cr\u00e9dito<\/p>\n\n\n\n<p>2.1 Este documento se cre\u00f3 utilizando una plantilla de SEQ Legal ( <a href=\"https:\/\/seqlegal.com\/free-legal-documents\/privacy-policy\">https:\/\/seqlegal.com\/free-legal-documents\/privacy-policy <\/a>).<\/p>\n\n\n\n<p>3. C\u00f3mo usamos sus datos personales<\/p>\n\n\n\n<p>3.1 En esta Secci\u00f3n 3 hemos establecido:<\/p>\n\n\n\n<p>(a) las categor\u00edas generales de datos personales que podemos procesar;<\/p>\n\n\n\n<p>(b) en el caso de datos personales que no obtuvimos directamente de usted, la fuente y categor\u00edas espec\u00edficas de esos datos;<\/p>\n\n\n\n<p>(c) los fines para los que podemos procesar datos personales; y<\/p>\n\n\n\n<p>(d) las bases jur\u00eddicas del tratamiento.<\/p>\n\n\n\n<p>3.2 Podemos procesar datos sobre su uso de nuestro sitio web y servicios (\u00bb <strong>datos de uso <\/strong>\u00ab). Los datos de uso pueden incluir su direcci\u00f3n IP, ubicaci\u00f3n geogr\u00e1fica, tipo y versi\u00f3n del navegador, sistema operativo, fuente de referencia, duraci\u00f3n de la visita, p\u00e1ginas vistas y rutas de navegaci\u00f3n del sitio web, as\u00ed como informaci\u00f3n sobre el momento, la frecuencia y el patr\u00f3n de uso de su servicio. La fuente de los datos de uso es nuestro sistema de seguimiento anal\u00edtico. Estos datos de uso pueden procesarse con el fin de analizar el uso del sitio web y los servicios. La base legal para este procesamiento son nuestros intereses leg\u00edtimos, a saber, monitorear y mejorar nuestro sitio web y servicios.<\/p>\n\n\n\n<p>3.3 Podemos procesar los datos de la cuenta de usuario de su sitio web (\u00bb <strong>datos de la cuenta <\/strong>\u00ab). Los datos de la cuenta pueden incluir su nombre y direcci\u00f3n de correo electr\u00f3nico. La fuente de los datos de la cuenta es usted. Los datos de la cuenta pueden procesarse con el fin de operar nuestro sitio web, proporcionar nuestros servicios, garantizar la seguridad de nuestro sitio web y servicios, mantener copias de seguridad de nuestras bases de datos y comunicarnos con usted. La base legal para este procesamiento es el consentimiento O nuestros intereses leg\u00edtimos, a saber, la administraci\u00f3n adecuada de nuestro sitio web y negocio O la ejecuci\u00f3n de un contrato entre usted y nosotros y\/o la adopci\u00f3n de medidas, a petici\u00f3n suya, para celebrar dicho contrato.<\/p>\n\n\n\n<p>3.4 Podemos procesar la informaci\u00f3n que publica para su publicaci\u00f3n en nuestro sitio web o a trav\u00e9s de nuestros servicios (\u00bb <strong>datos de publicaci\u00f3n <\/strong>\u00ab). Los datos de publicaci\u00f3n pueden procesarse con el fin de habilitar dicha publicaci\u00f3n y administrar nuestro sitio web y servicios. La base legal para este procesamiento es el consentimiento O nuestros intereses leg\u00edtimos, a saber, la administraci\u00f3n adecuada de nuestro sitio web y negocio O la ejecuci\u00f3n de un contrato entre usted y nosotros y\/o la adopci\u00f3n de medidas, a petici\u00f3n suya, para celebrar dicho contrato.<\/p>\n\n\n\n<p>3.5 Podemos procesar la informaci\u00f3n contenida en cualquier consulta que nos env\u00ede con respecto a bienes y\/o servicios (\u00bb <strong>datos de consulta <\/strong>\u00ab). Los datos de consulta pueden procesarse con el fin de ofrecerle, comercializar y venderle bienes y\/o servicios relevantes. La base legal para este procesamiento es el consentimiento O nuestros intereses leg\u00edtimos, a saber, la administraci\u00f3n adecuada de nuestro sitio web y negocio O la ejecuci\u00f3n de un contrato entre usted y nosotros y\/o la adopci\u00f3n de medidas, a petici\u00f3n suya, para celebrar dicho contrato.<\/p>\n\n\n\n<p>3.6 Podemos procesar informaci\u00f3n relacionada con transacciones, incluidas compras de bienes y\/o servicios, que ingresa con nosotros y\/o a trav\u00e9s de nuestro sitio web (\u00bb <strong>datos de transacci\u00f3n <\/strong>\u00ab). Los datos de la transacci\u00f3n pueden incluir sus datos de contacto, los datos de su tarjeta y los detalles de la transacci\u00f3n. La fuente de los datos de la transacci\u00f3n es usted y\/o nuestro proveedor de servicios de pago. Los datos de la transacci\u00f3n pueden procesarse con el fin de suministrar los bienes y\/o servicios comprados y mantener registros adecuados de esas transacciones. La base legal para este procesamiento es la ejecuci\u00f3n de un contrato entre usted y nosotros y\/o la adopci\u00f3n de medidas, a petici\u00f3n suya, para celebrar dicho contrato; siempre que, si usted no es la persona que contrata con nosotros, la base legal para este procesamiento son nuestros intereses leg\u00edtimos, a saber, la administraci\u00f3n adecuada de nuestro sitio web y negocio O la ejecuci\u00f3n de un contrato entre usted y nosotros y\/o la toma de medidas, a petici\u00f3n suya, para celebrar dicho contrato.<\/p>\n\n\n\n<p>3.7 Podemos procesar la informaci\u00f3n que nos proporciona con el fin de suscribirse a nuestras notificaciones por correo electr\u00f3nico y\/o boletines (\u00bb <strong>datos de notificaci\u00f3n <\/strong>\u00ab). Los datos de notificaci\u00f3n pueden procesarse con el fin de enviarle las notificaciones y\/o boletines pertinentes. La base legal para este procesamiento es el consentimiento O nuestros intereses leg\u00edtimos, a saber, las comunicaciones con los visitantes de nuestro sitio web y los usuarios del servicio O la ejecuci\u00f3n de un contrato entre usted y nosotros y\/o la adopci\u00f3n de medidas, a petici\u00f3n suya, para celebrar dicho contrato.<\/p>\n\n\n\n<p>3.8 Podemos procesar cualquiera de sus datos personales identificados en esta pol\u00edtica cuando sea necesario para el establecimiento, ejercicio o defensa de reclamaciones legales, ya sea en procedimientos judiciales o en un procedimiento administrativo o extrajudicial. La base legal para este procesamiento son nuestros intereses leg\u00edtimos, es decir, la protecci\u00f3n y afirmaci\u00f3n de nuestros derechos legales, sus derechos legales y los derechos legales de otros.<\/p>\n\n\n\n<p>3.9 Podemos procesar cualquiera de sus datos personales identificados en esta p\u00f3liza cuando sea necesario con el fin de obtener o mantener una cobertura de seguro, gestionar riesgos u obtener asesoramiento profesional. La base legal para este procesamiento son nuestros intereses leg\u00edtimos, es decir, la protecci\u00f3n adecuada de nuestro negocio contra los riesgos.<\/p>\n\n\n\n<p>3.10 Adem\u00e1s de los fines espec\u00edficos para los que podemos procesar sus datos personales establecidos en esta Secci\u00f3n 3, tambi\u00e9n podemos procesar cualquiera de sus datos personales cuando dicho procesamiento sea necesario para cumplir con una obligaci\u00f3n legal a la que estamos sujetos, o en para proteger sus intereses vitales o los intereses vitales de otra persona f\u00edsica.<\/p>\n\n\n\n<p>3.11 No nos proporcione datos personales de ninguna otra persona, a menos que le solicitemos que lo haga.<\/p>\n\n\n\n<p>4. Proporcionar sus datos personales a otros<\/p>\n\n\n\n<p>4.1 Podemos divulgar sus datos personales a nuestras aseguradoras y\/o asesores profesionales en la medida en que sea razonablemente necesario con el fin de obtener o mantener una cobertura de seguro, gestionar riesgos, obtener asesoramiento profesional o establecer, ejercer o defender demandas legales, ya sea en los tribunales. procedimientos o en un procedimiento administrativo o extrajudicial.<\/p>\n\n\n\n<p>4.2 Sus datos personales que se encuentran en la base de datos de nuestro sitio web se almacenar\u00e1n en nuestros propios servidores.<\/p>\n\n\n\n<p>4.3 Podemos divulgar sus datos personales a nuestros proveedores o subcontratistas en la medida en que sea razonablemente necesario para procesar sus consultas o pedidos.<\/p>\n\n\n\n<p>4.4 Adem\u00e1s de las divulgaciones espec\u00edficas de datos personales establecidas en esta Secci\u00f3n 4, podemos divulgar sus datos personales cuando dicha divulgaci\u00f3n sea necesaria para cumplir con una obligaci\u00f3n legal a la que estamos sujetos, o para proteger sus intereses vitales o el intereses vitales de otra persona f\u00edsica. Tambi\u00e9n podemos divulgar sus datos personales cuando dicha divulgaci\u00f3n sea necesaria para el establecimiento, ejercicio o defensa de reclamaciones legales, ya sea en procedimientos judiciales o en un procedimiento administrativo o extrajudicial.<\/p>\n\n\n\n<p>5. Transferencias internacionales de sus datos personales<\/p>\n\n\n\n<p>5.1 En esta Secci\u00f3n 5, brindamos informaci\u00f3n sobre las circunstancias en las que sus datos personales pueden transferirse a pa\u00edses fuera de Canad\u00e1, Estados Unidos o el Espacio Econ\u00f3mico Europeo (EEE).<\/p>\n\n\n\n<p>5.2 Las instalaciones de alojamiento de nuestro sitio web est\u00e1n ubicadas en Canad\u00e1 con ciertos servicios de componentes y complementos de sitios web alojados en los Estados Unidos. La Comisi\u00f3n Europea ha tomado una \u00abdecisi\u00f3n de adecuaci\u00f3n\u00bb con respecto a las leyes de protecci\u00f3n de datos de cada uno de estos pa\u00edses. Las transferencias a cada uno de estos pa\u00edses estar\u00e1n protegidas por salvaguardas apropiadas, a saber, el uso de cl\u00e1usulas est\u00e1ndar de protecci\u00f3n de datos adoptadas o aprobadas por la Comisi\u00f3n Europea.<\/p>\n\n\n\n<p>5.3 Usted reconoce que los datos personales que env\u00eda para su publicaci\u00f3n a trav\u00e9s de nuestro sitio web o servicios pueden estar disponibles, a trav\u00e9s de Internet, en todo el mundo. No podemos evitar el uso (o mal uso) de dichos datos personales por parte de otros.<\/p>\n\n\n\n<p>6. Conservaci\u00f3n y eliminaci\u00f3n de datos personales<\/p>\n\n\n\n<p>6.1 Esta Secci\u00f3n 6 establece nuestras pol\u00edticas y procedimientos de retenci\u00f3n de datos, que est\u00e1n dise\u00f1ados para ayudar a garantizar que cumplamos con nuestras obligaciones legales en relaci\u00f3n con la retenci\u00f3n y eliminaci\u00f3n de datos personales.<\/p>\n\n\n\n<p>6.2 Los datos personales que procesamos para cualquier prop\u00f3sito o prop\u00f3sitos no se conservar\u00e1n por m\u00e1s tiempo del necesario para ese prop\u00f3sito o prop\u00f3sitos.<\/p>\n\n\n\n<p>6.3 Conservaremos sus datos personales de la siguiente manera:<\/p>\n\n\n\n<p>(a) los datos de uso se conservar\u00e1n durante un per\u00edodo m\u00ednimo indefinido a partir de la fecha de recopilaci\u00f3n y durante un per\u00edodo m\u00e1ximo de 10 a\u00f1os a partir de esa fecha;<\/p>\n\n\n\n<p>(b) los datos de la cuenta se conservar\u00e1n por un per\u00edodo m\u00ednimo indefinido a partir de la fecha de cierre de la cuenta en cuesti\u00f3n, y por un per\u00edodo m\u00e1ximo de 10 a\u00f1os a partir de esa fecha;<\/p>\n\n\n\n<p>(c) los datos de publicaci\u00f3n se conservar\u00e1n durante un per\u00edodo m\u00ednimo indefinido a partir de la fecha en que la publicaci\u00f3n en cuesti\u00f3n deje de publicarse en nuestro sitio web o a trav\u00e9s de nuestros servicios, y durante un per\u00edodo m\u00e1ximo de 10 a\u00f1os a partir de esa fecha;<\/p>\n\n\n\n<p>(d) los datos de la consulta se conservar\u00e1n por un per\u00edodo m\u00ednimo indefinido a partir de la fecha de la consulta y por un per\u00edodo m\u00e1ximo de 10 a\u00f1os a partir de esa fecha;<\/p>\n\n\n\n<p>(e) los datos de la transacci\u00f3n se conservar\u00e1n por un per\u00edodo m\u00ednimo indefinido a partir de la fecha de la transacci\u00f3n y por un per\u00edodo m\u00e1ximo de 10 a\u00f1os a partir de esa fecha;<\/p>\n\n\n\n<p>(f) los datos de notificaci\u00f3n se conservar\u00e1n durante un per\u00edodo m\u00ednimo indefinido a partir de la fecha en que se nos indique que dejemos de enviar las notificaciones, y durante un per\u00edodo m\u00e1ximo de 10 a\u00f1os a partir de esa fecha (siempre que conservemos los datos de notificaci\u00f3n en la medida en que sea necesario para cumplir cualquier solicitud que realice para suprimir activamente las notificaciones).<\/p>\n\n\n\n<p>6.4 Sin perjuicio de las dem\u00e1s disposiciones de esta Secci\u00f3n 6, podemos retener sus datos personales cuando dicha retenci\u00f3n sea necesaria para el cumplimiento de una obligaci\u00f3n legal a la que estemos sujetos, o para proteger sus intereses vitales o los intereses vitales de otra persona f\u00edsica.<\/p>\n\n\n\n<p>7. Tus derechos<\/p>\n\n\n\n<p>7.1 En esta Secci\u00f3n 7, hemos enumerado los derechos que tiene bajo la ley de protecci\u00f3n de datos.<\/p>\n\n\n\n<p>7.2 Sus principales derechos en virtud de la ley de protecci\u00f3n de datos son:<\/p>\n\n\n\n<p>(a) el derecho de acceso: puede solicitar copias de sus datos personales;<\/p>\n\n\n\n<p>(b) el derecho a la rectificaci\u00f3n: puede solicitarnos que rectifiquemos los datos personales inexactos y que completemos los datos personales incompletos;<\/p>\n\n\n\n<p>(c) el derecho a borrar: puede solicitarnos que eliminemos sus datos personales;<\/p>\n\n\n\n<p>(d) el derecho a restringir el procesamiento: puede solicitar que se restrinja el procesamiento de sus datos personales;<\/p>\n\n\n\n<p>(e) el derecho a oponerse al procesamiento: puede oponerse al procesamiento de sus datos personales;<\/p>\n\n\n\n<p>(f) el derecho a la portabilidad de datos: puede solicitar que transfiramos sus datos personales a otra organizaci\u00f3n o a usted;<\/p>\n\n\n\n<p>(g) el derecho a presentar una queja ante una autoridad supervisora: puede presentar una queja sobre nuestro procesamiento de sus datos personales; y<\/p>\n\n\n\n<p>(h) el derecho a retirar el consentimiento: en la medida en que la base legal de nuestro procesamiento de sus datos personales sea el consentimiento, puede retirar ese consentimiento.<\/p>\n\n\n\n<p>7.3 Estos derechos est\u00e1n sujetos a ciertas limitaciones y excepciones. Puede obtener m\u00e1s informaci\u00f3n sobre los derechos de los interesados leyendo los res\u00famenes de las leyes de privacidad en Canad\u00e1 en este sitio web: <a href=\"https:\/\/www.priv.gc.ca\/en\/privacy-topics\/privacy-laws-in-canada\/\">https:\/\/www.priv.gc.ca\/en\/privacy-topics\/privacy-laws-in-canada\/<\/a><\/p>\n\n\n\n<p>7.4 Puede ejercer cualquiera de sus derechos en relaci\u00f3n con sus datos personales mediante notificaci\u00f3n por escrito a nosotros por correo electr\u00f3nico, utilizando los datos de contacto establecidos a continuaci\u00f3n en la Secci\u00f3n 13.<\/p>\n\n\n\n<p>8. Sobre las cookies<\/p>\n\n\n\n<p>8.1 Una cookie es un archivo que contiene un identificador (una cadena de letras y n\u00fameros) que un servidor web env\u00eda a un navegador web y que el navegador almacena. Luego, el identificador se env\u00eda de vuelta al servidor cada vez que el navegador solicita una p\u00e1gina del servidor.<\/p>\n\n\n\n<p>8.2 Las cookies pueden ser cookies \u00abpersistentes\u00bb o cookies de \u00absesi\u00f3n\u00bb: un navegador web almacenar\u00e1 una cookie persistente y seguir\u00e1 siendo v\u00e1lida hasta la fecha de vencimiento establecida, a menos que el usuario la elimine antes de la fecha de vencimiento; una cookie de sesi\u00f3n, por otro lado, caducar\u00e1 al final de la sesi\u00f3n del usuario, cuando se cierre el navegador web.<\/p>\n\n\n\n<p>8.3 Las cookies normalmente no contienen ninguna informaci\u00f3n que identifique personalmente a un usuario, pero los datos personales que almacenamos sobre usted pueden estar vinculados a la informaci\u00f3n almacenada y obtenida de las cookies.<\/p>\n\n\n\n<p>9. Cookies que utilizamos<\/p>\n\n\n\n<p>9.1 Utilizamos cookies para los siguientes fines:<\/p>\n\n\n\n<p>(a) autenticaci\u00f3n y estado: utilizamos cookies para identificarlo cuando visita nuestro sitio web y mientras navega por nuestro sitio web, y para determinar si ha iniciado sesi\u00f3n en el sitio web;<\/p>\n\n\n\n<p>(b) personalizaci\u00f3n: utilizamos cookies para almacenar informaci\u00f3n sobre sus preferencias y personalizar el sitio web para usted;<\/p>\n\n\n\n<p>(c) seguridad: utilizamos cookies como un elemento de las medidas de seguridad utilizadas para proteger las cuentas de los usuarios, incluida la prevenci\u00f3n del uso fraudulento de las credenciales de inicio de sesi\u00f3n, y para proteger nuestro sitio web y nuestros servicios en general;<\/p>\n\n\n\n<p>(d) publicidad: utilizamos cookies para ayudarnos a mostrar anuncios que ser\u00e1n relevantes para usted;<\/p>\n\n\n\n<p>(e) an\u00e1lisis: utilizamos cookies para ayudarnos a analizar el uso y el rendimiento de nuestro sitio web y servicios; y<\/p>\n\n\n\n<p>(f) consentimiento de cookies: utilizamos cookies para almacenar sus preferencias en relaci\u00f3n con el uso de cookies en general.<\/p>\n\n\n\n<p>10. Cookies utilizadas por nuestros proveedores de servicios<\/p>\n\n\n\n<p>10.1 Nuestros proveedores de servicios usan cookies y esas cookies pueden almacenarse en su computadora cuando visita nuestro sitio web.<\/p>\n\n\n\n<p>11. Gesti\u00f3n de cookies<\/p>\n\n\n\n<p>11.1 La mayor\u00eda de los navegadores le permiten negarse a aceptar cookies y eliminar cookies. Los m\u00e9todos para hacerlo var\u00edan de un navegador a otro y de una versi\u00f3n a otra. No obstante, puede obtener informaci\u00f3n actualizada sobre el bloqueo y eliminaci\u00f3n de cookies a trav\u00e9s de estos enlaces:<\/p>\n\n\n\n<p>(a) <a href=\"https:\/\/support.google.com\/chrome\/answer\/95647\">https:\/\/support.google.com\/chrome\/answer\/95647 <\/a>(Cromo );<\/p>\n\n\n\n<p>(b) <a href=\"https:\/\/support.mozilla.org\/en-US\/kb\/enable-and-disable-cookies-website-preferences\">https:\/\/support.mozilla.org\/en-US\/kb\/enable-and-disable-cookies-website-preferences <\/a>(Firefox );<\/p>\n\n\n\n<p>(c) <a href=\"https:\/\/help.opera.com\/en\/latest\/security-and-privacy\/\">https:\/\/help.opera.com\/en\/latest\/security-and-privacy\/ <\/a>(Opera);<\/p>\n\n\n\n<p>(d) <a href=\"https:\/\/support.microsoft.com\/en-gb\/help\/17442\/windows-internet-explorer-delete-manage-cookies\">https:\/\/support.microsoft.com\/en-gb\/help\/17442\/windows-internet-explorer-delete-manage-cookies <\/a>(Internet Explorer);<\/p>\n\n\n\n<p>(e) <a href=\"https:\/\/support.apple.com\/en-gb\/guide\/safari\/manage-cookies-and-website-data-sfri11471\/mac\">https:\/\/support.apple.com\/en-gb\/guide\/safari\/manage-cookies-and-website-data-sfri11471\/mac <\/a>(Safari); y<\/p>\n\n\n\n<p>(f) <a href=\"https:\/\/privacy.microsoft.com\/en-us\/windows-10-microsoft-edge-and-privacy\">https:\/\/privacy.microsoft.com\/en-us\/windows-10-microsoft-edge-and-privacy <\/a>(Edge).<\/p>\n\n\n\n<p>11.2 El bloqueo de todas las cookies tendr\u00e1 un impacto negativo en la usabilidad de muchos sitios web.<\/p>\n\n\n\n<p>11.3 Si bloquea las cookies, no podr\u00e1 utilizar todas las funciones de nuestro sitio web.<\/p>\n\n\n\n<p>12. Enmiendas<\/p>\n\n\n\n<p>12.1 Podemos actualizar esta pol\u00edtica de vez en cuando mediante la publicaci\u00f3n de una nueva versi\u00f3n en nuestro sitio web.<\/p>\n\n\n\n<p>12.2 Debe consultar esta p\u00e1gina ocasionalmente para asegurarse de que est\u00e1 satisfecho con cualquier cambio en esta pol\u00edtica.<\/p>\n\n\n\n<p>12.3 Podemos notificarle los cambios a esta pol\u00edtica por correo electr\u00f3nico.<\/p>\n\n\n\n<p>13. Nuestros datos<\/p>\n\n\n\n<p>13.1 Este sitio web es propiedad y est\u00e1 operado por Digital Innovation Foundation (DIF).<\/p>\n\n\n\n<p>13.2 Estamos registrados en Qu\u00e9bec, Canad\u00e1, con el n\u00famero de empresa de Qu\u00e9bec (NEQ) 1165538407.<\/p>\n\n\n\n<p>13.3 Nuestro domicilio comercial principal se encuentra en 86 Gal\u00e8re , Gatineau, QC, Canad\u00e1, J8P 0G2.<\/p>\n\n\n\n<p>13.4 Puede ponerse en contacto con nosotros:<\/p>\n\n\n\n<p>(a) por correo electr\u00f3nico, <a href=\"mailto:admin@gagnontech.org\">admin@gagnontech.org<\/a><\/p>\n\n\n\n<p>(b) por tel\u00e9fono, +1-819-815-7748; o<\/p>\n\n\n\n<p>(c) por correo postal, a la direcci\u00f3n postal indicada anteriormente.<\/p>\n\n\n\n<p>14. Delegado de protecci\u00f3n de datos<\/p>\n\n\n\n<p>14.1 Nuestro oficial de protecci\u00f3n de datos es St\u00e9phane Gagnon, cont\u00e1ctelo por correo electr\u00f3nico, <a href=\"mailto:admin@gagnontech.org\">admin@gagnontech.org<\/a><\/p>\n","protected":false},"excerpt":{"rendered":"<p>1. Introducci\u00f3n 1.1 Digital Innovation Foundation (DIF) (https:\/\/griit.tech), como propietario del sitio web https:\/\/griit.tech, se compromete a salvaguardar la privacidad de los visitantes de nuestro sitio web y de los usuarios de los servicios. 1.2 Esta pol\u00edtica se aplica cuando actuamos como controlador de datos con respecto a los datos personales de los visitantes de<span class=\"post-excerpt-end\">&hellip;<\/span><\/p>\n<p class=\"more-link\"><a href=\"https:\/\/griit.tech\/es\/politica\/\" class=\"themebutton\">Lee mas<\/a><\/p>\n","protected":false},"author":1,"featured_media":0,"parent":0,"menu_order":0,"comment_status":"closed","ping_status":"closed","template":"","meta":{"footnotes":""},"class_list":["post-84","page","type-page","status-publish","hentry"],"_links":{"self":[{"href":"https:\/\/griit.tech\/es\/wp-json\/wp\/v2\/pages\/84","targetHints":{"allow":["GET"]}}],"collection":[{"href":"https:\/\/griit.tech\/es\/wp-json\/wp\/v2\/pages"}],"about":[{"href":"https:\/\/griit.tech\/es\/wp-json\/wp\/v2\/types\/page"}],"author":[{"embeddable":true,"href":"https:\/\/griit.tech\/es\/wp-json\/wp\/v2\/users\/1"}],"replies":[{"embeddable":true,"href":"https:\/\/griit.tech\/es\/wp-json\/wp\/v2\/comments?post=84"}],"version-history":[{"count":4,"href":"https:\/\/griit.tech\/es\/wp-json\/wp\/v2\/pages\/84\/revisions"}],"predecessor-version":[{"id":160,"href":"https:\/\/griit.tech\/es\/wp-json\/wp\/v2\/pages\/84\/revisions\/160"}],"wp:attachment":[{"href":"https:\/\/griit.tech\/es\/wp-json\/wp\/v2\/media?parent=84"}],"curies":[{"name":"wp","href":"https:\/\/api.w.org\/{rel}","templated":true}]}}