{"id":172,"date":"2023-07-23T14:15:27","date_gmt":"2023-07-23T18:15:27","guid":{"rendered":"https:\/\/digitalinnovation.site\/innovation\/"},"modified":"2023-07-23T14:45:15","modified_gmt":"2023-07-23T18:45:15","slug":"innovation","status":"publish","type":"page","link":"https:\/\/griit.tech\/fr\/innovation\/","title":{"rendered":"Innovation"},"content":{"rendered":"\n<div class=\"wp-block-columns is-layout-flex wp-container-core-columns-is-layout-9d6595d7 wp-block-columns-is-layout-flex\">\n<div class=\"wp-block-column is-layout-flow wp-block-column-is-layout-flow\">\n<figure class=\"wp-block-image size-large\"><img loading=\"lazy\" decoding=\"async\" width=\"1024\" height=\"630\" src=\"https:\/\/griit.tech\/wp-content\/uploads\/2023\/07\/f1-priorities-1024x630.jpg\" alt=\"\" class=\"wp-image-181\" srcset=\"https:\/\/griit.tech\/wp-content\/uploads\/2023\/07\/f1-priorities-1024x630.jpg 1024w, https:\/\/griit.tech\/wp-content\/uploads\/2023\/07\/f1-priorities-300x185.jpg 300w, https:\/\/griit.tech\/wp-content\/uploads\/2023\/07\/f1-priorities-768x472.jpg 768w, https:\/\/griit.tech\/wp-content\/uploads\/2023\/07\/f1-priorities-1536x945.jpg 1536w, https:\/\/griit.tech\/wp-content\/uploads\/2023\/07\/f1-priorities.jpg 1920w\" sizes=\"auto, (max-width: 1024px) 100vw, 1024px\" \/><\/figure>\n<\/div>\n\n\n\n<div class=\"wp-block-column is-layout-flow wp-block-column-is-layout-flow\">\n<h2 class=\"wp-block-heading\"><em><mark style=\"background-color:rgba(0, 0, 0, 0)\" class=\"has-inline-color has-vivid-red-color\">L&rsquo;innovation num\u00e9rique doit \u00eatre centr\u00e9e sur les enjeux Environnementaux, Sociaux et de Gouvernance (ESG).<\/mark><\/em><\/h2>\n\n\n\n<h3 class=\"wp-block-heading\"><strong>Rejoignez notre conversation pour d\u00e9finir les priorit\u00e9s de la prochaine g\u00e9n\u00e9ration de projets d&rsquo;innovation num\u00e9rique.<\/strong><\/h3>\n<\/div>\n<\/div>\n","protected":false},"excerpt":{"rendered":"<p>L&rsquo;innovation num\u00e9rique doit \u00eatre centr\u00e9e sur les enjeux Environnementaux, Sociaux et de Gouvernance (ESG). Rejoignez notre conversation pour d\u00e9finir les priorit\u00e9s de la prochaine g\u00e9n\u00e9ration de projets d&rsquo;innovation num\u00e9rique.<\/p>\n","protected":false},"author":1,"featured_media":0,"parent":0,"menu_order":0,"comment_status":"closed","ping_status":"closed","template":"","meta":{"footnotes":""},"class_list":["post-172","page","type-page","status-publish","hentry"],"_links":{"self":[{"href":"https:\/\/griit.tech\/fr\/wp-json\/wp\/v2\/pages\/172","targetHints":{"allow":["GET"]}}],"collection":[{"href":"https:\/\/griit.tech\/fr\/wp-json\/wp\/v2\/pages"}],"about":[{"href":"https:\/\/griit.tech\/fr\/wp-json\/wp\/v2\/types\/page"}],"author":[{"embeddable":true,"href":"https:\/\/griit.tech\/fr\/wp-json\/wp\/v2\/users\/1"}],"replies":[{"embeddable":true,"href":"https:\/\/griit.tech\/fr\/wp-json\/wp\/v2\/comments?post=172"}],"version-history":[{"count":3,"href":"https:\/\/griit.tech\/fr\/wp-json\/wp\/v2\/pages\/172\/revisions"}],"predecessor-version":[{"id":183,"href":"https:\/\/griit.tech\/fr\/wp-json\/wp\/v2\/pages\/172\/revisions\/183"}],"wp:attachment":[{"href":"https:\/\/griit.tech\/fr\/wp-json\/wp\/v2\/media?parent=172"}],"curies":[{"name":"wp","href":"https:\/\/api.w.org\/{rel}","templated":true}]}}