{"id":212,"date":"2023-07-26T19:39:14","date_gmt":"2023-07-26T23:39:14","guid":{"rendered":"https:\/\/digitalinnovation.site\/events\/"},"modified":"2023-07-26T21:57:23","modified_gmt":"2023-07-27T01:57:23","slug":"events","status":"publish","type":"page","link":"https:\/\/griit.tech\/fr\/events\/","title":{"rendered":"\u00c9v\u00e8nements"},"content":{"rendered":"\n<div class=\"wp-block-columns is-layout-flex wp-container-core-columns-is-layout-9d6595d7 wp-block-columns-is-layout-flex\">\n<div class=\"wp-block-column is-layout-flow wp-block-column-is-layout-flow\">\n<figure class=\"wp-block-image size-large\"><img loading=\"lazy\" decoding=\"async\" width=\"1024\" height=\"576\" src=\"https:\/\/griit.tech\/wp-content\/uploads\/2023\/07\/f3-events-1024x576.jpg\" alt=\"\" class=\"wp-image-209\" srcset=\"https:\/\/griit.tech\/wp-content\/uploads\/2023\/07\/f3-events-1024x576.jpg 1024w, https:\/\/griit.tech\/wp-content\/uploads\/2023\/07\/f3-events-300x169.jpg 300w, https:\/\/griit.tech\/wp-content\/uploads\/2023\/07\/f3-events-768x432.jpg 768w, https:\/\/griit.tech\/wp-content\/uploads\/2023\/07\/f3-events-1536x864.jpg 1536w, https:\/\/griit.tech\/wp-content\/uploads\/2023\/07\/f3-events.jpg 1920w\" sizes=\"auto, (max-width: 1024px) 100vw, 1024px\" \/><\/figure>\n<\/div>\n\n\n\n<div class=\"wp-block-column is-layout-flow wp-block-column-is-layout-flow\">\n<h2 class=\"wp-block-heading\"><em><mark style=\"background-color:rgba(0, 0, 0, 0)\" class=\"has-inline-color has-vivid-red-color\">Partagez votre point de vue, soit en pr\u00e9sentant, soit en participant, ou <em>simplement<\/em><\/mark><\/em> <em><mark style=\"background-color:rgba(0, 0, 0, 0)\" class=\"has-inline-color has-vivid-red-color\">regardez et discutez sur nos r\u00e9unions enregistr\u00e9es.<\/mark><\/em><\/h2>\n\n\n\n<p>Nous vous invitons \u00e0 nous aider \u00e0 organiser des webinaires, des symposiums r\u00e9gionaux (hybrides) et des ateliers dans le cadre de conf\u00e9rences universitaires.<\/p>\n<\/div>\n<\/div>\n\n\n\n<h2 class=\"wp-block-heading\">Webinaires<\/h2>\n\n\n\n<p>&lt; soon \/ bient\u00f4t \/ pronto &gt;<\/p>\n\n\n\n<h2 class=\"wp-block-heading\">Symposium r\u00e9gional<\/h2>\n\n\n\n<p>&lt; soon \/ bient\u00f4t \/ pronto &gt;<\/p>\n\n\n\n<h2 class=\"wp-block-heading\">Ateliers dans le cadre de conf\u00e9rences universitaires<\/h2>\n\n\n\n<p>&lt; soon \/ bient\u00f4t \/ pronto &gt;<\/p>\n\n\n\n<p><\/p>\n","protected":false},"excerpt":{"rendered":"<p>Partagez votre point de vue, soit en pr\u00e9sentant, soit en participant, ou simplement regardez et discutez sur nos r\u00e9unions enregistr\u00e9es. Nous vous invitons \u00e0 nous aider \u00e0 organiser des webinaires, des symposiums r\u00e9gionaux (hybrides) et des ateliers dans le cadre de conf\u00e9rences universitaires. Webinaires &lt; soon \/ bient\u00f4t \/ pronto &gt; Symposium r\u00e9gional &lt; soon<span class=\"post-excerpt-end\">&hellip;<\/span><\/p>\n<p class=\"more-link\"><a href=\"https:\/\/griit.tech\/fr\/events\/\" class=\"themebutton\">Lire la suite<\/a><\/p>\n","protected":false},"author":1,"featured_media":0,"parent":0,"menu_order":0,"comment_status":"closed","ping_status":"closed","template":"","meta":{"footnotes":""},"class_list":["post-212","page","type-page","status-publish","hentry"],"_links":{"self":[{"href":"https:\/\/griit.tech\/fr\/wp-json\/wp\/v2\/pages\/212","targetHints":{"allow":["GET"]}}],"collection":[{"href":"https:\/\/griit.tech\/fr\/wp-json\/wp\/v2\/pages"}],"about":[{"href":"https:\/\/griit.tech\/fr\/wp-json\/wp\/v2\/types\/page"}],"author":[{"embeddable":true,"href":"https:\/\/griit.tech\/fr\/wp-json\/wp\/v2\/users\/1"}],"replies":[{"embeddable":true,"href":"https:\/\/griit.tech\/fr\/wp-json\/wp\/v2\/comments?post=212"}],"version-history":[{"count":3,"href":"https:\/\/griit.tech\/fr\/wp-json\/wp\/v2\/pages\/212\/revisions"}],"predecessor-version":[{"id":230,"href":"https:\/\/griit.tech\/fr\/wp-json\/wp\/v2\/pages\/212\/revisions\/230"}],"wp:attachment":[{"href":"https:\/\/griit.tech\/fr\/wp-json\/wp\/v2\/media?parent=212"}],"curies":[{"name":"wp","href":"https:\/\/api.w.org\/{rel}","templated":true}]}}