{"id":79,"date":"2022-06-22T22:14:33","date_gmt":"2022-06-23T02:14:33","guid":{"rendered":"https:\/\/digitalinnovation.site\/about-us\/"},"modified":"2025-04-16T15:19:52","modified_gmt":"2025-04-16T19:19:52","slug":"a-propos","status":"publish","type":"page","link":"https:\/\/griit.tech\/fr\/a-propos\/","title":{"rendered":"\u00c0 propos"},"content":{"rendered":"\n<div class=\"wp-block-columns is-layout-flex wp-container-core-columns-is-layout-9d6595d7 wp-block-columns-is-layout-flex\">\n<div class=\"wp-block-column is-layout-flow wp-block-column-is-layout-flow\">\n<p><strong><em>Mission <\/em>:<\/strong> En construction.<\/p>\n\n\n\n<p><strong><em>R\u00f4les <\/em>:<\/strong> En construction.<\/p>\n<\/div>\n\n\n\n<div class=\"wp-block-column is-layout-flow wp-block-column-is-layout-flow\">\n<p><strong><em>Port\u00e9e <\/em>:<\/strong> En construction.<\/p>\n\n\n\n<p><strong><em>Impliquez-vous<\/em> : <\/strong>Veuillez contacter notre webmestre, <a href=\"https:\/\/www.gagnontech.org\/\">St\u00e9phane Gagnon<\/a>, pour toute question ou int\u00e9r\u00eat \u00e0 collaborer : <a href=\"mailto:admin@gagnontech.org\">admin@gagnontech.org<\/a><\/p>\n<\/div>\n<\/div>\n","protected":false},"excerpt":{"rendered":"<p>Mission : En construction. R\u00f4les : En construction. Port\u00e9e : En construction. Impliquez-vous : Veuillez contacter notre webmestre, St\u00e9phane Gagnon, pour toute question ou int\u00e9r\u00eat \u00e0 collaborer : admin@gagnontech.org<\/p>\n","protected":false},"author":1,"featured_media":0,"parent":0,"menu_order":0,"comment_status":"closed","ping_status":"closed","template":"","meta":{"footnotes":""},"class_list":["post-79","page","type-page","status-publish","hentry"],"_links":{"self":[{"href":"https:\/\/griit.tech\/fr\/wp-json\/wp\/v2\/pages\/79","targetHints":{"allow":["GET"]}}],"collection":[{"href":"https:\/\/griit.tech\/fr\/wp-json\/wp\/v2\/pages"}],"about":[{"href":"https:\/\/griit.tech\/fr\/wp-json\/wp\/v2\/types\/page"}],"author":[{"embeddable":true,"href":"https:\/\/griit.tech\/fr\/wp-json\/wp\/v2\/users\/1"}],"replies":[{"embeddable":true,"href":"https:\/\/griit.tech\/fr\/wp-json\/wp\/v2\/comments?post=79"}],"version-history":[{"count":7,"href":"https:\/\/griit.tech\/fr\/wp-json\/wp\/v2\/pages\/79\/revisions"}],"predecessor-version":[{"id":308,"href":"https:\/\/griit.tech\/fr\/wp-json\/wp\/v2\/pages\/79\/revisions\/308"}],"wp:attachment":[{"href":"https:\/\/griit.tech\/fr\/wp-json\/wp\/v2\/media?parent=79"}],"curies":[{"name":"wp","href":"https:\/\/api.w.org\/{rel}","templated":true}]}}