{"id":83,"date":"2022-06-22T14:25:46","date_gmt":"2022-06-22T18:25:46","guid":{"rendered":"https:\/\/digitalinnovation.site\/privacy-policy\/"},"modified":"2023-02-07T14:05:10","modified_gmt":"2023-02-07T19:05:10","slug":"politique","status":"publish","type":"page","link":"https:\/\/griit.tech\/fr\/politique\/","title":{"rendered":"Politique de confidentialit\u00e9"},"content":{"rendered":"\n<p>1. Introduction<\/p>\n\n\n\n<p>1.1 Fondation de l&rsquo;innovation num\u00e9rique (FIN) ( <a href=\"https:\/\/griit.tech\/\">https:\/\/griit.tech <\/a>), en tant que propri\u00e9taire du site Web <a href=\"https:\/\/griit.tech\/\">https:\/\/griit.tech<\/a>, s&rsquo;engage \u00e0 prot\u00e9ger la confidentialit\u00e9 des visiteurs de notre site Web et des utilisateurs de nos services.<\/p>\n\n\n\n<p>1.2 Cette politique s&rsquo;applique lorsque nous agissons en tant que contr\u00f4leur de donn\u00e9es en ce qui concerne les donn\u00e9es personnelles des visiteurs de notre site Web et des utilisateurs de services&nbsp;; en d&rsquo;autres termes, lorsque nous d\u00e9terminons les finalit\u00e9s et les moyens du traitement de ces donn\u00e9es personnelles.<\/p>\n\n\n\n<p>1.3 Nous utilisons des cookies sur notre site Web. Dans la mesure o\u00f9 ces cookies ne sont pas strictement n\u00e9cessaires \u00e0 la fourniture de notre site Web et de nos services, nous vous demanderons de consentir \u00e0 notre utilisation des cookies lors de votre premi\u00e8re visite sur notre site Web.<\/p>\n\n\n\n<p>1.4 Notre site Web int\u00e8gre des contr\u00f4les de confidentialit\u00e9 qui affectent la mani\u00e8re dont nous traiterons vos donn\u00e9es personnelles. En utilisant les contr\u00f4les de confidentialit\u00e9, vous pouvez sp\u00e9cifier si vous souhaitez recevoir&nbsp;:<\/p>\n\n\n\n<p>(a) newsletters par e-mail&nbsp;: cette fonctionnalit\u00e9 sera bient\u00f4t configur\u00e9e<\/p>\n\n\n\n<p>(b) Outils de conformit\u00e9 GDPR :  <a href=\"https:\/\/griit.tech\/https:\/\/griit.tech\/fr\/privacy-toolsprivacy-tools\">https:\/\/griit.tech\/fr\/privacy-tools<\/a><\/p>\n\n\n\n<p>1.5 Dans cette politique, \u00ab\u00a0nous\u00a0\u00bb, \u00ab\u00a0notre\u00a0\u00bb et \u00ab\u00a0notre\u00a0\u00bb font r\u00e9f\u00e9rence \u00e0 Fondation de l&rsquo;innovation num\u00e9rique (FIN). Pour plus d&rsquo;informations sur nous, voir la section 13.<\/p>\n\n\n\n<p>2. Cr\u00e9dit<\/p>\n\n\n\n<p>2.1 Ce document a \u00e9t\u00e9 cr\u00e9\u00e9 \u00e0 l&rsquo;aide d&rsquo;un mod\u00e8le de SEQ Legal ( <a href=\"https:\/\/seqlegal.com\/free-legal-documents\/privacy-policy\">https:\/\/seqlegal.com\/free-legal-documents\/privacy-policy <\/a>).<\/p>\n\n\n\n<p>3. Comment nous utilisons vos donn\u00e9es personnelles<\/p>\n\n\n\n<p>3.1 Dans cette section 3, nous avons d\u00e9fini&nbsp;:<\/p>\n\n\n\n<p>(a) les cat\u00e9gories g\u00e9n\u00e9rales de donn\u00e9es personnelles que nous pouvons traiter ;<\/p>\n\n\n\n<p>(b) dans le cas de donn\u00e9es personnelles que nous n&rsquo;avons pas obtenues directement de vous, la source et les cat\u00e9gories sp\u00e9cifiques de ces donn\u00e9es ;<\/p>\n\n\n\n<p>(c) les finalit\u00e9s pour lesquelles nous pouvons traiter des donn\u00e9es personnelles ; et<\/p>\n\n\n\n<p>(d) les bases juridiques du traitement.<\/p>\n\n\n\n<p>3.2 Nous pouvons traiter des donn\u00e9es concernant votre utilisation de notre site Web et de nos services (\u00ab<strong>&nbsp;donn\u00e9es d&rsquo;utilisation<\/strong>&nbsp;\u00bb). Les donn\u00e9es d&rsquo;utilisation peuvent inclure votre adresse IP, votre emplacement g\u00e9ographique, le type et la version de votre navigateur, votre syst\u00e8me d&rsquo;exploitation, la source de r\u00e9f\u00e9rence, la dur\u00e9e de la visite, les pages vues et les chemins de navigation du site Web, ainsi que des informations sur le moment, la fr\u00e9quence et le mod\u00e8le de votre utilisation du service. La source des donn\u00e9es d&rsquo;utilisation est notre syst\u00e8me de suivi analytique. Ces donn\u00e9es d&rsquo;utilisation peuvent \u00eatre trait\u00e9es \u00e0 des fins d&rsquo;analyse de l&rsquo;utilisation du site Web et des services. La base juridique de ce traitement est nos int\u00e9r\u00eats l\u00e9gitimes, \u00e0 savoir la surveillance et l&rsquo;am\u00e9lioration de notre site Web et de nos services.<\/p>\n\n\n\n<p>3.3 Nous pouvons traiter les donn\u00e9es de votre compte d&rsquo;utilisateur de site Web (\u00ab<strong>&nbsp;donn\u00e9es de compte<\/strong>&nbsp;\u00bb). Les donn\u00e9es de compte peuvent inclure votre nom et votre adresse e-mail. La source des donn\u00e9es du compte, c&rsquo;est vous. Les donn\u00e9es de compte peuvent \u00eatre trait\u00e9es dans le but d&rsquo;exploiter notre site Web, de fournir nos services, d&rsquo;assurer la s\u00e9curit\u00e9 de notre site Web et de nos services, de maintenir des sauvegardes de nos bases de donn\u00e9es et de communiquer avec vous. La base juridique de ce traitement est le consentement OU nos int\u00e9r\u00eats l\u00e9gitimes, \u00e0 savoir la bonne administration de notre site Web et de notre activit\u00e9 OU l&rsquo;ex\u00e9cution d&rsquo;un contrat entre vous et nous et\/ou la prise de mesures, \u00e0 votre demande, pour conclure un tel contrat.<\/p>\n\n\n\n<p>3.4 Nous pouvons traiter les informations que vous publiez pour publication sur notre site Web ou via nos services (\u00a0\u00bb <strong>donn\u00e9es de publication <\/strong>\u00ab\u00a0). Les donn\u00e9es de publication peuvent \u00eatre trait\u00e9es dans le but de permettre une telle publication et d&rsquo;administrer notre site Web et nos services. La base juridique de ce traitement est le consentement OU nos int\u00e9r\u00eats l\u00e9gitimes, \u00e0 savoir la bonne administration de notre site Web et de notre activit\u00e9 OU l&rsquo;ex\u00e9cution d&rsquo;un contrat entre vous et nous et\/ou la prise de mesures, \u00e0 votre demande, pour conclure un tel contrat.<\/p>\n\n\n\n<p>3.5 Nous pouvons traiter les informations contenues dans toute demande que vous nous soumettez concernant des biens et\/ou des services (\u00a0\u00bb <strong>donn\u00e9es de demande <\/strong>\u00ab\u00a0). Les donn\u00e9es de la demande peuvent \u00eatre trait\u00e9es dans le but de vous proposer, de commercialiser et de vous vendre des biens et\/ou des services pertinents. La base juridique de ce traitement est le consentement OU nos int\u00e9r\u00eats l\u00e9gitimes, \u00e0 savoir la bonne administration de notre site Web et de notre activit\u00e9 OU l&rsquo;ex\u00e9cution d&rsquo;un contrat entre vous et nous et\/ou la prise de mesures, \u00e0 votre demande, pour conclure un tel contrat.<\/p>\n\n\n\n<p>3.6 Nous pouvons traiter les informations relatives aux transactions, y compris les achats de biens et\/ou de services, que vous entrez avec nous et\/ou via notre site Web (\u00a0\u00bb <strong>donn\u00e9es de transaction <\/strong>\u00ab\u00a0). Les donn\u00e9es de transaction peuvent inclure vos coordonn\u00e9es, les d\u00e9tails de votre carte et les d\u00e9tails de la transaction. La source des donn\u00e9es de transaction est vous et\/ou notre fournisseur de services de paiement. Les donn\u00e9es de transaction peuvent \u00eatre trait\u00e9es dans le but de fournir les biens et\/ou services achet\u00e9s et de conserver des enregistrements appropri\u00e9s de ces transactions. La base juridique de ce traitement est l&rsquo;ex\u00e9cution d&rsquo;un contrat entre vous et nous et\/ou la prise de mesures, \u00e0 votre demande, pour conclure un tel contrat ; \u00e0 condition que, si vous n&rsquo;\u00eates pas la personne qui contracte avec nous, la base juridique de ce traitement est nos int\u00e9r\u00eats l\u00e9gitimes, \u00e0 savoir la bonne administration de notre site Web et de notre entreprise OU l&rsquo;ex\u00e9cution d&rsquo;un contrat entre vous et nous et\/ou la prise de mesures, \u00e0 votre demande, de conclure un tel contrat.<\/p>\n\n\n\n<p>3.7 Nous pouvons traiter les informations que vous nous fournissez dans le but de vous abonner \u00e0 nos notifications par e-mail et\/ou newsletters (\u00a0\u00bb <strong>donn\u00e9es de notification <\/strong>\u00ab\u00a0). Les donn\u00e9es de notification peuvent \u00eatre trait\u00e9es dans le but de vous envoyer les notifications et\/ou newsletters pertinentes. La base juridique de ce traitement est le consentement OU nos int\u00e9r\u00eats l\u00e9gitimes, \u00e0 savoir les communications avec les visiteurs de notre site Web et les utilisateurs du service OU l&rsquo;ex\u00e9cution d&rsquo;un contrat entre vous et nous et\/ou la prise de mesures, \u00e0 votre demande, pour conclure un tel contrat.<\/p>\n\n\n\n<p>3.8 Nous pouvons traiter toutes vos donn\u00e9es personnelles identifi\u00e9es dans cette politique si n\u00e9cessaire pour l&rsquo;\u00e9tablissement, l&rsquo; exercice ou la d\u00e9fense de r\u00e9clamations l\u00e9gales, que ce soit dans le cadre d&rsquo;une proc\u00e9dure judiciaire ou d&rsquo;une proc\u00e9dure administrative ou extrajudiciaire. La base juridique de ce traitement est nos int\u00e9r\u00eats l\u00e9gitimes, \u00e0 savoir la protection et l&rsquo;affirmation de nos droits l\u00e9gaux, de vos droits l\u00e9gaux et des droits l\u00e9gaux d&rsquo;autrui.<\/p>\n\n\n\n<p>3.9 Nous pouvons traiter toutes vos donn\u00e9es personnelles identifi\u00e9es dans cette politique si n\u00e9cessaire aux fins d&rsquo;obtenir ou de maintenir une couverture d&rsquo;assurance, de g\u00e9rer les risques ou d&rsquo;obtenir des conseils professionnels. La base juridique de ce traitement est notre int\u00e9r\u00eat l\u00e9gitime, \u00e0 savoir la bonne protection de notre entreprise contre les risques.<\/p>\n\n\n\n<p>3.10 En plus des finalit\u00e9s sp\u00e9cifiques pour lesquelles nous pouvons traiter vos donn\u00e9es personnelles \u00e9nonc\u00e9es dans la pr\u00e9sente section 3, nous pouvons \u00e9galement traiter vos donn\u00e9es personnelles lorsqu&rsquo;un tel traitement est n\u00e9cessaire pour se conformer \u00e0 une obligation l\u00e9gale \u00e0 laquelle nous sommes soumis, ou dans afin de prot\u00e9ger vos int\u00e9r\u00eats vitaux ou les int\u00e9r\u00eats vitaux d&rsquo;une autre personne physique.<\/p>\n\n\n\n<p>3.11 Veuillez ne pas nous fournir les donn\u00e9es personnelles d&rsquo;une autre personne, \u00e0 moins que nous ne vous invitions \u00e0 le faire.<\/p>\n\n\n\n<p>4. Fournir vos donn\u00e9es personnelles \u00e0 d&rsquo;autres<\/p>\n\n\n\n<p>4.1 Nous pouvons divulguer vos donn\u00e9es personnelles \u00e0 nos assureurs et\/ou conseillers professionnels dans la mesure o\u00f9 cela est raisonnablement n\u00e9cessaire aux fins d&rsquo;obtenir ou de maintenir une couverture d&rsquo;assurance, de g\u00e9rer les risques, d&rsquo;obtenir des conseils professionnels ou d&rsquo;\u00e9tablir, d&rsquo; exercer ou de d\u00e9fendre des r\u00e9clamations l\u00e9gales, que ce soit devant les tribunaux proc\u00e9dure judiciaire ou dans le cadre d&rsquo;une proc\u00e9dure administrative ou extrajudiciaire.<\/p>\n\n\n\n<p>4.2 Vos donn\u00e9es personnelles d\u00e9tenues dans la base de donn\u00e9es de notre site Web seront stock\u00e9es sur nos propres serveurs.<\/p>\n\n\n\n<p>4.3 Nous pouvons divulguer vos donn\u00e9es personnelles \u00e0 nos fournisseurs ou sous-traitants dans la mesure raisonnablement n\u00e9cessaire au traitement de vos demandes ou commandes.<\/p>\n\n\n\n<p>4.4 En plus des divulgations sp\u00e9cifiques de donn\u00e9es personnelles \u00e9nonc\u00e9es dans la pr\u00e9sente section 4, nous pouvons divulguer vos donn\u00e9es personnelles lorsque cette divulgation est n\u00e9cessaire pour le respect d&rsquo;une obligation l\u00e9gale \u00e0 laquelle nous sommes soumis, ou afin de prot\u00e9ger vos int\u00e9r\u00eats vitaux ou la int\u00e9r\u00eats vitaux d&rsquo;une autre personne physique. Nous pouvons \u00e9galement divulguer vos donn\u00e9es personnelles lorsqu&rsquo;une telle divulgation est n\u00e9cessaire pour la constatation, l&rsquo; exercice ou la d\u00e9fense d&rsquo;un droit en justice, que ce soit dans le cadre d&rsquo;une proc\u00e9dure judiciaire ou d&rsquo;une proc\u00e9dure administrative ou extrajudiciaire.<\/p>\n\n\n\n<p>5. Transferts internationaux de vos donn\u00e9es personnelles<\/p>\n\n\n\n<p>5.1 Dans cette section 5, nous fournissons des informations sur les circonstances dans lesquelles vos donn\u00e9es personnelles peuvent \u00eatre transf\u00e9r\u00e9es vers des pays en dehors du Canada, des \u00c9tats-Unis ou de l&rsquo;Espace \u00e9conomique europ\u00e9en (EEE).<\/p>\n\n\n\n<p>5.2 Les installations d&rsquo;h\u00e9bergement de notre site Web sont situ\u00e9es au Canada avec certains services composants et plugins de site Web h\u00e9berg\u00e9s aux \u00c9tats-Unis. La Commission europ\u00e9enne a rendu une \u00ab\u00a0d\u00e9cision d&rsquo;ad\u00e9quation\u00a0\u00bb en ce qui concerne les lois sur la protection des donn\u00e9es de chacun de ces pays. Les transferts vers chacun de ces pays seront prot\u00e9g\u00e9s par des garanties appropri\u00e9es, \u00e0 savoir l&rsquo;utilisation de clauses types de protection des donn\u00e9es adopt\u00e9es ou approuv\u00e9es par la Commission europ\u00e9enne.<\/p>\n\n\n\n<p>5.3 Vous reconnaissez que les donn\u00e9es personnelles que vous soumettez pour publication via notre site Web ou nos services peuvent \u00eatre disponibles, via Internet, dans le monde entier. Nous ne pouvons pas emp\u00eacher l&rsquo;utilisation (ou la mauvaise utilisation) de ces donn\u00e9es personnelles par d&rsquo;autres.<\/p>\n\n\n\n<p>6. Conservation et suppression des donn\u00e9es personnelles<\/p>\n\n\n\n<p>6.1 La pr\u00e9sente section 6 d\u00e9finit nos politiques et proc\u00e9dures de conservation des donn\u00e9es, qui sont con\u00e7ues pour garantir que nous nous conformons \u00e0 nos obligations l\u00e9gales en mati\u00e8re de conservation et de suppression des donn\u00e9es personnelles.<\/p>\n\n\n\n<p>6.2 Les donn\u00e9es personnelles que nous traitons \u00e0 quelque fin ou \u00e0 quelque fin que ce soit ne seront pas conserv\u00e9es plus longtemps que n\u00e9cessaire \u00e0 cette fin ou \u00e0 ces fins.<\/p>\n\n\n\n<p>6.3 Nous conserverons vos donn\u00e9es personnelles comme suit :<\/p>\n\n\n\n<p>(a) les donn\u00e9es d&rsquo;utilisation seront conserv\u00e9es pour une dur\u00e9e minimale ind\u00e9termin\u00e9e \u00e0 compter de la date de collecte, et pour une dur\u00e9e maximale de 10 ans \u00e0 compter de cette date ;<\/p>\n\n\n\n<p>(b) les donn\u00e9es de compte seront conserv\u00e9es pour une dur\u00e9e minimale ind\u00e9termin\u00e9e \u00e0 compter de la date de cl\u00f4ture du compte concern\u00e9, et pour une dur\u00e9e maximale de 10 ans \u00e0 compter de cette date ;<\/p>\n\n\n\n<p>(c) les donn\u00e9es de publication seront conserv\u00e9es pendant une dur\u00e9e minimale ind\u00e9termin\u00e9e \u00e0 compter de la date \u00e0 laquelle la publication concern\u00e9e cesse d&rsquo;\u00eatre publi\u00e9e sur notre site Web ou par l&rsquo;interm\u00e9diaire de nos services, et pour une dur\u00e9e maximale de 10 ans \u00e0 compter de cette date ;<\/p>\n\n\n\n<p>(d) les donn\u00e9es de la demande seront conserv\u00e9es pendant une p\u00e9riode minimale ind\u00e9finie \u00e0 compter de la date de la demande et pendant une p\u00e9riode maximale de 10 ans \u00e0 compter de cette date&nbsp;;<\/p>\n\n\n\n<p>(e) les donn\u00e9es de transaction seront conserv\u00e9es pendant une p\u00e9riode minimale ind\u00e9termin\u00e9e suivant la date de la transaction, et pendant une p\u00e9riode maximale de 10 ans suivant cette date&nbsp;;<\/p>\n\n\n\n<p>(f) les donn\u00e9es de notification seront conserv\u00e9es pendant une p\u00e9riode minimale ind\u00e9termin\u00e9e suivant la date \u00e0 laquelle nous avons re\u00e7u l&rsquo;ordre de cesser d&rsquo;envoyer les notifications, et pendant une p\u00e9riode maximale de 10 ans suivant cette date (\u00e0 condition que nous conservions les donn\u00e9es de notification dans la mesure n\u00e9cessaire pour remplir toute demande que vous faites pour supprimer activement les notifications).<\/p>\n\n\n\n<p>6.4 Nonobstant les autres dispositions de la pr\u00e9sente section 6, nous pouvons conserver vos donn\u00e9es personnelles lorsque cette conservation est n\u00e9cessaire pour le respect d&rsquo;une obligation l\u00e9gale \u00e0 laquelle nous sommes soumis, ou afin de prot\u00e9ger vos int\u00e9r\u00eats vitaux ou les int\u00e9r\u00eats vitaux d&rsquo;une autre personne physique.<\/p>\n\n\n\n<p>7. Vos droits<\/p>\n\n\n\n<p>7.1 Dans cette section 7, nous avons \u00e9num\u00e9r\u00e9 les droits dont vous disposez en vertu de la loi sur la protection des donn\u00e9es.<\/p>\n\n\n\n<p>7.2 Vos principaux droits en vertu de la loi sur la protection des donn\u00e9es sont&nbsp;:<\/p>\n\n\n\n<p>(a) le droit d&rsquo;acc\u00e8s &#8211; vous pouvez demander des copies de vos donn\u00e9es personnelles&nbsp;;<\/p>\n\n\n\n<p>(b) le droit de rectification &#8211; vous pouvez nous demander de rectifier des donn\u00e9es personnelles inexactes et de compl\u00e9ter des donn\u00e9es personnelles incompl\u00e8tes ;<\/p>\n\n\n\n<p>(c) le droit \u00e0 l&rsquo;effacement &#8211; vous pouvez nous demander d&rsquo;effacer vos donn\u00e9es personnelles ;<\/p>\n\n\n\n<p>(d) le droit de restreindre le traitement &#8211; vous pouvez demander \u00e0 utiliser pour restreindre le traitement de vos donn\u00e9es personnelles ;<\/p>\n\n\n\n<p>(e) le droit de vous opposer au traitement &#8211; vous pouvez vous opposer au traitement de vos donn\u00e9es personnelles ;<\/p>\n\n\n\n<p>(f) le droit \u00e0 la portabilit\u00e9 des donn\u00e9es &#8211; vous pouvez demander que nous transf\u00e9rions vos donn\u00e9es personnelles \u00e0 une autre organisation ou \u00e0 vous-m\u00eame&nbsp;;<\/p>\n\n\n\n<p>(g) le droit de porter plainte aupr\u00e8s d&rsquo;une autorit\u00e9 de contr\u00f4le &#8211; vous pouvez vous plaindre de notre traitement de vos donn\u00e9es personnelles ; et<\/p>\n\n\n\n<p>(h) le droit de retirer son consentement &#8211; dans la mesure o\u00f9 la base juridique de notre traitement de vos donn\u00e9es personnelles est le consentement, vous pouvez retirer ce consentement.<\/p>\n\n\n\n<p>7.3 Ces droits sont soumis \u00e0 certaines limitations et exceptions. Vous pouvez en savoir plus sur les droits des personnes concern\u00e9es en lisant les r\u00e9sum\u00e9s des lois sur la protection de la vie priv\u00e9e au Canada sur ce site Web&nbsp;: <a href=\"https:\/\/www.priv.gc.ca\/en\/privacy-topics\/privacy-laws-in-canada\/\">https:\/\/www.priv.gc.ca\/en\/privacy-topics\/privacy-laws-in-canada\/<\/a><\/p>\n\n\n\n<p>7.4 Vous pouvez exercer l&rsquo;un de vos droits concernant vos donn\u00e9es personnelles en nous en informant par \u00e9crit par e-mail, en utilisant les coordonn\u00e9es indiqu\u00e9es ci-dessous dans la section 13.<\/p>\n\n\n\n<p>8. \u00c0 propos des cookies<\/p>\n\n\n\n<p>8.1 Un cookie est un fichier contenant un identifiant (une cha\u00eene de lettres et de chiffres) qui est envoy\u00e9 par un serveur Web \u00e0 un navigateur Web et qui est stock\u00e9 par le navigateur. L&rsquo;identifiant est ensuite renvoy\u00e9 au serveur \u00e0 chaque fois que le navigateur demande une page au serveur.<\/p>\n\n\n\n<p>8.2 Les cookies peuvent \u00eatre des cookies \u00ab\u00a0persistants\u00a0\u00bb ou des cookies \u00ab\u00a0de session\u00a0\u00bb: un cookie persistant sera stock\u00e9 par un navigateur Web et restera valide jusqu&rsquo;\u00e0 sa date d&rsquo;expiration d\u00e9finie, sauf s&rsquo;il est supprim\u00e9 par l&rsquo;utilisateur avant la date d&rsquo;expiration&nbsp;; un cookie de session, en revanche, expirera \u00e0 la fin de la session de l&rsquo;utilisateur, lorsque le navigateur Web est ferm\u00e9.<\/p>\n\n\n\n<p>8.3 Les cookies ne contiennent g\u00e9n\u00e9ralement aucune information permettant d&rsquo;identifier personnellement un utilisateur, mais les donn\u00e9es personnelles que nous stockons \u00e0 votre sujet peuvent \u00eatre li\u00e9es aux informations stock\u00e9es et obtenues \u00e0 partir des cookies.<\/p>\n\n\n\n<p>9. Cookies que nous utilisons<\/p>\n\n\n\n<p>9.1 Nous utilisons des cookies aux fins suivantes :<\/p>\n\n\n\n<p>(a) authentification et statut &#8211; nous utilisons des cookies pour vous identifier lorsque vous visitez notre site Web et lorsque vous naviguez sur notre site Web, et pour d\u00e9terminer si vous \u00eates connect\u00e9 au site Web ;<\/p>\n\n\n\n<p>(b) personnalisation &#8211; nous utilisons des cookies pour stocker des informations sur vos pr\u00e9f\u00e9rences et pour personnaliser le site Web pour vous ;<\/p>\n\n\n\n<p>(c) s\u00e9curit\u00e9 &#8211; nous utilisons les cookies comme \u00e9l\u00e9ment des mesures de s\u00e9curit\u00e9 utilis\u00e9es pour prot\u00e9ger les comptes d&rsquo;utilisateurs, y compris la pr\u00e9vention de l&rsquo;utilisation frauduleuse des identifiants de connexion, et pour prot\u00e9ger notre site Web et nos services en g\u00e9n\u00e9ral&nbsp;;<\/p>\n\n\n\n<p>(d) publicit\u00e9 &#8211; nous utilisons des cookies pour nous aider \u00e0 afficher des publicit\u00e9s qui vous int\u00e9ressent ;<\/p>\n\n\n\n<p>(e) analyse &#8211; nous utilisons des cookies pour nous aider \u00e0 analyser l&rsquo;utilisation et les performances de notre site Web et de nos services ; et<\/p>\n\n\n\n<p>(f) consentement aux cookies &#8211; nous utilisons des cookies pour stocker vos pr\u00e9f\u00e9rences concernant l&rsquo;utilisation des cookies de mani\u00e8re plus g\u00e9n\u00e9rale.<\/p>\n\n\n\n<p>10. Cookies utilis\u00e9s par nos prestataires de services<\/p>\n\n\n\n<p>10.1 Nos fournisseurs de services utilisent des cookies et ces cookies peuvent \u00eatre stock\u00e9s sur votre ordinateur lorsque vous visitez notre site Web.<\/p>\n\n\n\n<p>11. Gestion des cookies<\/p>\n\n\n\n<p>11.1 La plupart des navigateurs vous permettent de refuser d&rsquo;accepter les cookies et de supprimer les cookies. Les m\u00e9thodes pour le faire varient d&rsquo;un navigateur \u00e0 l&rsquo;autre et d&rsquo;une version \u00e0 l&rsquo;autre. Vous pouvez cependant obtenir des informations actualis\u00e9es sur le blocage et la suppression des cookies via ces liens :<\/p>\n\n\n\n<p>(a)<a href=\"https:\/\/support.google.com\/chrome\/answer\/95647\">&nbsp;https:\/\/support.google.com\/chrome\/answer\/95647 <\/a>(Chrome )&nbsp;;<\/p>\n\n\n\n<p>(b) <a href=\"https:\/\/support.mozilla.org\/en-US\/kb\/enable-and-disable-cookies-website-preferences\">https:\/\/support.mozilla.org\/en-US\/kb\/enable-and-disable-cookies-website-preferences <\/a>(Firefox );<\/p>\n\n\n\n<p>(c) <a href=\"https:\/\/help.opera.com\/en\/latest\/security-and-privacy\/\">https:\/\/help.opera.com\/en\/latest\/security-and-privacy\/ <\/a>(Opera) ;<\/p>\n\n\n\n<p>(d) <a href=\"https:\/\/support.microsoft.com\/en-gb\/help\/17442\/windows-internet-explorer-delete-manage-cookies\">https:\/\/support.microsoft.com\/en-gb\/help\/17442\/windows-internet-explorer-delete-manage-cookies <\/a>(Internet Explorer) ;<\/p>\n\n\n\n<p>(e) <a href=\"https:\/\/support.apple.com\/en-gb\/guide\/safari\/manage-cookies-and-website-data-sfri11471\/mac\">https:\/\/support.apple.com\/en-gb\/guide\/safari\/manage-cookies-and-website-data-sfri11471\/mac <\/a>(Safari)&nbsp;; et<\/p>\n\n\n\n<p>(f) <a href=\"https:\/\/privacy.microsoft.com\/en-us\/windows-10-microsoft-edge-and-privacy\">https:\/\/privacy.microsoft.com\/en-us\/windows-10-microsoft-edge-and-privacy <\/a>(Edge).<\/p>\n\n\n\n<p>11.2 Le blocage de tous les cookies aura un impact n\u00e9gatif sur la convivialit\u00e9 de nombreux sites Web.<\/p>\n\n\n\n<p>11.3 Si vous bloquez les cookies, vous ne pourrez pas utiliser toutes les fonctionnalit\u00e9s de notre site Web.<\/p>\n\n\n\n<p>12. Modifications<\/p>\n\n\n\n<p>12.1 Nous pouvons mettre \u00e0 jour cette politique de temps \u00e0 autre en publiant une nouvelle version sur notre site Web.<\/p>\n\n\n\n<p>12.2 Vous devriez consulter cette page de temps en temps pour vous assurer que vous \u00eates satisfait de toute modification apport\u00e9e \u00e0 cette politique.<\/p>\n\n\n\n<p>12.3 Nous pouvons vous informer des modifications apport\u00e9es \u00e0 cette politique par e-mail.<\/p>\n\n\n\n<p>13. Nos coordonn\u00e9es<\/p>\n\n\n\n<p>13.1 Ce site Web est d\u00e9tenu et exploit\u00e9 par Fondation de l&rsquo;innovation num\u00e9rique (FIN).<\/p>\n\n\n\n<p>13.2 Nous sommes enregistr\u00e9s au Qu\u00e9bec, Canada, sous le num\u00e9ro d&rsquo;entreprise du Qu\u00e9bec (NEQ) 1165538407.<\/p>\n\n\n\n<p>13.3 Notre \u00e9tablissement principal est situ\u00e9 au 86 Gal\u00e8re , Gatineau, QC, Canada, J8P 0G2.<\/p>\n\n\n\n<p>13.4 Vous pouvez nous contacter :<\/p>\n\n\n\n<p>(a) par courriel, <a href=\"mailto:admin@gagnontech.org\">admin@gagnontech.org<\/a><\/p>\n\n\n\n<p>(b) par t\u00e9l\u00e9phone, +1-819-815-7748; ou<\/p>\n\n\n\n<p>(c) par voie postale, \u00e0 l&rsquo;adresse postale indiqu\u00e9e ci-dessus.<\/p>\n\n\n\n<p>14. D\u00e9l\u00e9gu\u00e9 \u00e0 la protection des donn\u00e9es<\/p>\n\n\n\n<p>14.1 Notre d\u00e9l\u00e9gu\u00e9 \u00e0 la protection des donn\u00e9es est St\u00e9phane Gagnon, veuillez le contacter par email, <a href=\"mailto:admin@gagnontech.org\">admin@gagnontech.org<\/a><\/p>\n","protected":false},"excerpt":{"rendered":"<p>1. Introduction 1.1 Fondation de l&rsquo;innovation num\u00e9rique (FIN) ( https:\/\/griit.tech ), en tant que propri\u00e9taire du site Web https:\/\/griit.tech, s&rsquo;engage \u00e0 prot\u00e9ger la confidentialit\u00e9 des visiteurs de notre site Web et des utilisateurs de nos services. 1.2 Cette politique s&rsquo;applique lorsque nous agissons en tant que contr\u00f4leur de donn\u00e9es en ce qui concerne les donn\u00e9es<span class=\"post-excerpt-end\">&hellip;<\/span><\/p>\n<p class=\"more-link\"><a href=\"https:\/\/griit.tech\/fr\/politique\/\" class=\"themebutton\">Lire la suite<\/a><\/p>\n","protected":false},"author":1,"featured_media":0,"parent":0,"menu_order":0,"comment_status":"closed","ping_status":"closed","template":"","meta":{"footnotes":""},"class_list":["post-83","page","type-page","status-publish","hentry"],"_links":{"self":[{"href":"https:\/\/griit.tech\/fr\/wp-json\/wp\/v2\/pages\/83","targetHints":{"allow":["GET"]}}],"collection":[{"href":"https:\/\/griit.tech\/fr\/wp-json\/wp\/v2\/pages"}],"about":[{"href":"https:\/\/griit.tech\/fr\/wp-json\/wp\/v2\/types\/page"}],"author":[{"embeddable":true,"href":"https:\/\/griit.tech\/fr\/wp-json\/wp\/v2\/users\/1"}],"replies":[{"embeddable":true,"href":"https:\/\/griit.tech\/fr\/wp-json\/wp\/v2\/comments?post=83"}],"version-history":[{"count":7,"href":"https:\/\/griit.tech\/fr\/wp-json\/wp\/v2\/pages\/83\/revisions"}],"predecessor-version":[{"id":143,"href":"https:\/\/griit.tech\/fr\/wp-json\/wp\/v2\/pages\/83\/revisions\/143"}],"wp:attachment":[{"href":"https:\/\/griit.tech\/fr\/wp-json\/wp\/v2\/media?parent=83"}],"curies":[{"name":"wp","href":"https:\/\/api.w.org\/{rel}","templated":true}]}}